{"id":1998,"date":"2025-11-06T17:12:27","date_gmt":"2025-11-06T16:12:27","guid":{"rendered":"https:\/\/gekocoworking.it\/?page_id=1998"},"modified":"2026-01-02T18:38:47","modified_gmt":"2026-01-02T17:38:47","slug":"cosa-offriamo","status":"publish","type":"page","link":"https:\/\/gekocoworking.it\/index.php\/cosa-offriamo\/","title":{"rendered":"Geko"},"content":{"rendered":"\t\t<div data-elementor-type=\"wp-page\" data-elementor-id=\"1998\" class=\"elementor elementor-1998\">\n\t\t\t\t\t\t<section class=\"elementor-section elementor-top-section elementor-element elementor-element-6c580d76 elementor-section-boxed elementor-section-height-default elementor-section-height-default rael-particle-no\" data-id=\"6c580d76\" data-element_type=\"section\" data-e-type=\"section\" data-settings=\"{&quot;background_background&quot;:&quot;classic&quot;,&quot;rae_animations_entrance&quot;:&quot;none&quot;}\">\n\t\t\t\t\t\t\t<div class=\"elementor-background-overlay\"><\/div>\n\t\t\t\t\t\t\t<div class=\"elementor-container elementor-column-gap-no\">\n\t\t\t\t\t<div class=\"elementor-column elementor-col-100 elementor-top-column elementor-element elementor-element-5b8cca23 rael-particle-no\" data-id=\"5b8cca23\" data-element_type=\"column\" data-e-type=\"column\">\n\t\t\t<div class=\"elementor-widget-wrap\">\n\t\t\t\t\t\t\t<\/div>\n\t\t<\/div>\n\t\t\t\t\t<\/div>\n\t\t<\/section>\n\t\t\t\t<section class=\"elementor-section elementor-top-section elementor-element elementor-element-aa6bfe3 elementor-reverse-tablet elementor-reverse-mobile elementor-section-full_width elementor-section-height-default elementor-section-height-default rael-particle-no\" data-id=\"aa6bfe3\" data-element_type=\"section\" data-e-type=\"section\" data-settings=\"{&quot;background_background&quot;:&quot;classic&quot;,&quot;rae_animations_entrance&quot;:&quot;none&quot;}\">\n\t\t\t\t\t\t<div class=\"elementor-container elementor-column-gap-no\">\n\t\t\t\t\t<div class=\"elementor-column elementor-col-50 elementor-top-column elementor-element elementor-element-61f7cd39 rael-particle-no\" data-id=\"61f7cd39\" data-element_type=\"column\" data-e-type=\"column\">\n\t\t\t<div class=\"elementor-widget-wrap elementor-element-populated\">\n\t\t\t\t\t\t<div class=\"elementor-element elementor-element-229ee76 elementor-widget elementor-widget-heading\" data-id=\"229ee76\" data-element_type=\"widget\" data-e-type=\"widget\" data-widget_type=\"heading.default\">\n\t\t\t\t\t<h2 class=\"elementor-heading-title elementor-size-default\">CHI SIAMO?<\/h2>\t\t\t\t<\/div>\n\t\t\t\t<div class=\"elementor-element elementor-element-293341d8 elementor-widget elementor-widget-text-editor\" data-id=\"293341d8\" data-element_type=\"widget\" data-e-type=\"widget\" data-widget_type=\"text-editor.default\">\n\t\t\t\t\t\t\t\t\t<p class=\"p1\">Il nome<b> Geko<\/b> nasce dall\u2019idea di <b>adattabilit\u00e0<\/b> e <b>connessione: <\/b>proprio come il piccolo animale che sa muoversi con agilit\u00e0 in ogni ambiente, anche noi vogliamo offrire spazi di lavoro <b>flessibili<\/b>, <b>accoglienti<\/b> e <b>stimolanti.<\/b><\/p><p class=\"p1\"><b>Geko Co-working<\/b> \u00e8 pensato per chi cerca un <b>luogo professionale dove concentrarsi,<\/b> creare e collaborare. I nostri uffici favoriscono la <b>produttivit\u00e0<\/b> senza rinunciare al <b>comfort<\/b> e alla possibilit\u00e0 di condividere idee ed esperienze con altri professionisti.<\/p><p>Scegliere Geko Co-working significa<b> lavorare in un ambiente moderno<\/b>, <b>confortevole<\/b> e <b>pensato per favorire produttivit\u00e0 e benessere.<\/b> I nostri spazi sono curati nei dettagli, accoglienti, ideali per chi desidera un luogo che ispiri concentrazione e creativit\u00e0. Con Geko puoi goderti tutti i vantaggi di un ufficio professionale, postazioni attrezzate, area relax, connessione veloce e una community di professionisti <b>senza i costi elevati di un affitto tradizionale.<\/b><\/p>\t\t\t\t\t\t\t\t<\/div>\n\t\t\t\t\t<\/div>\n\t\t<\/div>\n\t\t\t\t<div class=\"elementor-column elementor-col-50 elementor-top-column elementor-element elementor-element-2d553d27 rael-particle-no\" data-id=\"2d553d27\" data-element_type=\"column\" data-e-type=\"column\">\n\t\t\t<div class=\"elementor-widget-wrap elementor-element-populated\">\n\t\t\t\t\t\t<div class=\"elementor-element elementor-element-69278a46 elementor-widget__width-auto elementor-absolute elementor-hidden-tablet elementor-hidden-phone elementor-widget elementor-widget-heading\" data-id=\"69278a46\" data-element_type=\"widget\" data-e-type=\"widget\" data-settings=\"{&quot;_position&quot;:&quot;absolute&quot;}\" data-widget_type=\"heading.default\">\n\t\t\t\t\t<h2 class=\"elementor-heading-title elementor-size-default\">SPACEHUB<\/h2>\t\t\t\t<\/div>\n\t\t\t\t<section class=\"elementor-section elementor-inner-section elementor-element elementor-element-79b21532 elementor-section-boxed elementor-section-height-default elementor-section-height-default rael-particle-no\" data-id=\"79b21532\" data-element_type=\"section\" data-e-type=\"section\" data-settings=\"{&quot;rae_animations_entrance&quot;:&quot;none&quot;}\">\n\t\t\t\t\t\t<div class=\"elementor-container elementor-column-gap-no\">\n\t\t\t\t\t<div class=\"elementor-column elementor-col-50 elementor-inner-column elementor-element elementor-element-55419ade rael-particle-no\" data-id=\"55419ade\" data-element_type=\"column\" data-e-type=\"column\">\n\t\t\t<div class=\"elementor-widget-wrap\">\n\t\t\t\t\t\t\t<\/div>\n\t\t<\/div>\n\t\t\t\t<div class=\"elementor-column elementor-col-50 elementor-inner-column elementor-element elementor-element-54b7bc72 rael-particle-no\" data-id=\"54b7bc72\" data-element_type=\"column\" data-e-type=\"column\" data-settings=\"{&quot;background_background&quot;:&quot;classic&quot;}\">\n\t\t\t<div class=\"elementor-widget-wrap elementor-element-populated\">\n\t\t\t\t\t\t<div class=\"elementor-element elementor-element-4f9bb51d elementor-view-default elementor-widget elementor-widget-icon\" data-id=\"4f9bb51d\" data-element_type=\"widget\" data-e-type=\"widget\" data-widget_type=\"icon.default\">\n\t\t\t\t\t\t\t<div class=\"elementor-icon-wrapper\">\n\t\t\t<div class=\"elementor-icon\">\n\t\t\t<i aria-hidden=\"true\" class=\"jki jki-apartment-light\"><\/i>\t\t\t<\/div>\n\t\t<\/div>\n\t\t\t\t\t\t<\/div>\n\t\t\t\t<div class=\"elementor-element elementor-element-3ddcfc32 elementor-widget__width-initial elementor-icon-list--layout-traditional elementor-list-item-link-full_width elementor-widget elementor-widget-icon-list\" data-id=\"3ddcfc32\" data-element_type=\"widget\" data-e-type=\"widget\" data-widget_type=\"icon-list.default\">\n\t\t\t\t\t\t\t<ul class=\"elementor-icon-list-items\">\n\t\t\t\t\t\t\t<li class=\"elementor-icon-list-item\">\n\t\t\t\t\t\t\t\t\t\t\t<span class=\"elementor-icon-list-icon\">\n\t\t\t\t\t\t\t<svg aria-hidden=\"true\" class=\"e-font-icon-svg e-fas-map-marker-alt\" viewBox=\"0 0 384 512\" xmlns=\"http:\/\/www.w3.org\/2000\/svg\"><path d=\"M172.268 501.67C26.97 291.031 0 269.413 0 192 0 85.961 85.961 0 192 0s192 85.961 192 192c0 77.413-26.97 99.031-172.268 309.67-9.535 13.774-29.93 13.773-39.464 0zM192 272c44.183 0 80-35.817 80-80s-35.817-80-80-80-80 35.817-80 80 35.817 80 80 80z\"><\/path><\/svg>\t\t\t\t\t\t<\/span>\n\t\t\t\t\t\t\t\t\t\t<span class=\"elementor-icon-list-text\">Centro commerciale Verona est, Viale del Lavoro n. 47, San Martino Buon Albergo<\/span>\n\t\t\t\t\t\t\t\t\t<\/li>\n\t\t\t\t\t\t\t\t<li class=\"elementor-icon-list-item\">\n\t\t\t\t\t\t\t\t\t\t\t<span class=\"elementor-icon-list-icon\">\n\t\t\t\t\t\t\t<svg aria-hidden=\"true\" class=\"e-font-icon-svg e-fas-clock\" viewBox=\"0 0 512 512\" xmlns=\"http:\/\/www.w3.org\/2000\/svg\"><path d=\"M256,8C119,8,8,119,8,256S119,504,256,504,504,393,504,256,393,8,256,8Zm92.49,313h0l-20,25a16,16,0,0,1-22.49,2.5h0l-67-49.72a40,40,0,0,1-15-31.23V112a16,16,0,0,1,16-16h32a16,16,0,0,1,16,16V256l58,42.5A16,16,0,0,1,348.49,321Z\"><\/path><\/svg>\t\t\t\t\t\t<\/span>\n\t\t\t\t\t\t\t\t\t\t<span class=\"elementor-icon-list-text\">Luned\u00ec - Domenica, 7.30 - 20.30<\/span>\n\t\t\t\t\t\t\t\t\t<\/li>\n\t\t\t\t\t\t\t\t<li class=\"elementor-icon-list-item\">\n\t\t\t\t\t\t\t\t\t\t\t<span class=\"elementor-icon-list-icon\">\n\t\t\t\t\t\t\t<svg aria-hidden=\"true\" class=\"e-font-icon-svg e-fas-phone-alt\" viewBox=\"0 0 512 512\" xmlns=\"http:\/\/www.w3.org\/2000\/svg\"><path d=\"M497.39 361.8l-112-48a24 24 0 0 0-28 6.9l-49.6 60.6A370.66 370.66 0 0 1 130.6 204.11l60.6-49.6a23.94 23.94 0 0 0 6.9-28l-48-112A24.16 24.16 0 0 0 122.6.61l-104 24A24 24 0 0 0 0 48c0 256.5 207.9 464 464 464a24 24 0 0 0 23.4-18.6l24-104a24.29 24.29 0 0 0-14.01-27.6z\"><\/path><\/svg>\t\t\t\t\t\t<\/span>\n\t\t\t\t\t\t\t\t\t\t<span class=\"elementor-icon-list-text\">339 206 4101<\/span>\n\t\t\t\t\t\t\t\t\t<\/li>\n\t\t\t\t\t\t<\/ul>\n\t\t\t\t\t\t<\/div>\n\t\t\t\t\t<\/div>\n\t\t<\/div>\n\t\t\t\t\t<\/div>\n\t\t<\/section>\n\t\t\t\t<div class=\"elementor-element elementor-element-e1dd1d3 elementor-widget elementor-widget-image\" data-id=\"e1dd1d3\" data-element_type=\"widget\" data-e-type=\"widget\" data-widget_type=\"image.default\">\n\t\t\t\t\t\t\t\t\t\t\t\t\t\t\t<img fetchpriority=\"high\" decoding=\"async\" width=\"800\" height=\"534\" src=\"https:\/\/gekocoworking.it\/wp-content\/uploads\/2025\/12\/Geko-28-1024x683.jpg\" class=\"attachment-large size-large wp-image-2462\" alt=\"\" srcset=\"https:\/\/gekocoworking.it\/wp-content\/uploads\/2025\/12\/Geko-28-1024x683.jpg 1024w, https:\/\/gekocoworking.it\/wp-content\/uploads\/2025\/12\/Geko-28-300x200.jpg 300w, https:\/\/gekocoworking.it\/wp-content\/uploads\/2025\/12\/Geko-28-768x512.jpg 768w, https:\/\/gekocoworking.it\/wp-content\/uploads\/2025\/12\/Geko-28-1536x1024.jpg 1536w, https:\/\/gekocoworking.it\/wp-content\/uploads\/2025\/12\/Geko-28-2048x1365.jpg 2048w\" sizes=\"(max-width: 800px) 100vw, 800px\" \/>\t\t\t\t\t\t\t\t\t\t\t\t\t\t\t<\/div>\n\t\t\t\t<div class=\"elementor-element elementor-element-6596a2ba elementor-hidden-mobile elementor-widget elementor-widget-image\" data-id=\"6596a2ba\" data-element_type=\"widget\" data-e-type=\"widget\" data-widget_type=\"image.default\">\n\t\t\t\t\t\t\t\t\t\t\t\t\t\t\t<img decoding=\"async\" src=\"https:\/\/gekocoworking.it\/wp-content\/uploads\/2025\/12\/Geko-19-scaled.jpg\" title=\"\" alt=\"\" loading=\"lazy\" \/>\t\t\t\t\t\t\t\t\t\t\t\t\t\t\t<\/div>\n\t\t\t\t\t<\/div>\n\t\t<\/div>\n\t\t\t\t\t<\/div>\n\t\t<\/section>\n\t\t\t\t<section class=\"elementor-section elementor-top-section elementor-element elementor-element-311dbb24 elementor-section-content-middle elementor-section-boxed elementor-section-height-default elementor-section-height-default rael-particle-no\" data-id=\"311dbb24\" data-element_type=\"section\" data-e-type=\"section\" data-settings=\"{&quot;background_background&quot;:&quot;classic&quot;,&quot;rae_animations_entrance&quot;:&quot;none&quot;}\">\n\t\t\t\t\t\t<div class=\"elementor-container elementor-column-gap-no\">\n\t\t\t\t\t<div class=\"elementor-column elementor-col-50 elementor-top-column elementor-element elementor-element-74ae9833 rael-particle-no\" data-id=\"74ae9833\" data-element_type=\"column\" data-e-type=\"column\">\n\t\t\t<div class=\"elementor-widget-wrap elementor-element-populated\">\n\t\t\t\t\t\t<section class=\"elementor-section elementor-inner-section elementor-element elementor-element-aba3fd1 elementor-section-boxed elementor-section-height-default elementor-section-height-default rael-particle-no\" data-id=\"aba3fd1\" data-element_type=\"section\" data-e-type=\"section\" data-settings=\"{&quot;rae_animations_entrance&quot;:&quot;none&quot;}\">\n\t\t\t\t\t\t<div class=\"elementor-container elementor-column-gap-no\">\n\t\t\t\t\t<div class=\"elementor-column elementor-col-50 elementor-inner-column elementor-element elementor-element-326e3121 rael-particle-no\" data-id=\"326e3121\" data-element_type=\"column\" data-e-type=\"column\">\n\t\t\t<div class=\"elementor-widget-wrap elementor-element-populated\">\n\t\t\t\t\t\t<div class=\"elementor-element elementor-element-78752110 elementor-hidden-mobile elementor-widget elementor-widget-image\" data-id=\"78752110\" data-element_type=\"widget\" data-e-type=\"widget\" data-widget_type=\"image.default\">\n\t\t\t\t\t\t\t\t\t\t\t\t\t\t\t<img decoding=\"async\" width=\"1707\" height=\"2560\" src=\"https:\/\/gekocoworking.it\/wp-content\/uploads\/2025\/12\/Geko-26-scaled.jpg\" class=\"elementor-animation-shrink attachment-full size-full wp-image-2521\" alt=\"\" srcset=\"https:\/\/gekocoworking.it\/wp-content\/uploads\/2025\/12\/Geko-26-scaled.jpg 1707w, https:\/\/gekocoworking.it\/wp-content\/uploads\/2025\/12\/Geko-26-200x300.jpg 200w, https:\/\/gekocoworking.it\/wp-content\/uploads\/2025\/12\/Geko-26-683x1024.jpg 683w, https:\/\/gekocoworking.it\/wp-content\/uploads\/2025\/12\/Geko-26-768x1152.jpg 768w, https:\/\/gekocoworking.it\/wp-content\/uploads\/2025\/12\/Geko-26-1024x1536.jpg 1024w, https:\/\/gekocoworking.it\/wp-content\/uploads\/2025\/12\/Geko-26-1365x2048.jpg 1365w\" sizes=\"(max-width: 1707px) 100vw, 1707px\" \/>\t\t\t\t\t\t\t\t\t\t\t\t\t\t\t<\/div>\n\t\t\t\t<div class=\"elementor-element elementor-element-53bda6a0 elementor-widget elementor-widget-image\" data-id=\"53bda6a0\" data-element_type=\"widget\" data-e-type=\"widget\" data-widget_type=\"image.default\">\n\t\t\t\t\t\t\t\t\t\t\t\t\t\t\t<img decoding=\"async\" width=\"800\" height=\"534\" src=\"https:\/\/gekocoworking.it\/wp-content\/uploads\/2025\/12\/Geko-43-1024x683.jpg\" class=\"elementor-animation-shrink attachment-large size-large wp-image-2510\" alt=\"\" srcset=\"https:\/\/gekocoworking.it\/wp-content\/uploads\/2025\/12\/Geko-43-1024x683.jpg 1024w, https:\/\/gekocoworking.it\/wp-content\/uploads\/2025\/12\/Geko-43-300x200.jpg 300w, https:\/\/gekocoworking.it\/wp-content\/uploads\/2025\/12\/Geko-43-768x512.jpg 768w, https:\/\/gekocoworking.it\/wp-content\/uploads\/2025\/12\/Geko-43-1536x1024.jpg 1536w, https:\/\/gekocoworking.it\/wp-content\/uploads\/2025\/12\/Geko-43-2048x1365.jpg 2048w\" sizes=\"(max-width: 800px) 100vw, 800px\" \/>\t\t\t\t\t\t\t\t\t\t\t\t\t\t\t<\/div>\n\t\t\t\t\t<\/div>\n\t\t<\/div>\n\t\t\t\t<div class=\"elementor-column elementor-col-50 elementor-inner-column elementor-element elementor-element-4439f067 rael-particle-no\" data-id=\"4439f067\" data-element_type=\"column\" data-e-type=\"column\">\n\t\t\t<div class=\"elementor-widget-wrap elementor-element-populated\">\n\t\t\t\t\t\t<div class=\"elementor-element elementor-element-20c675c9 elementor-widget elementor-widget-image\" data-id=\"20c675c9\" data-element_type=\"widget\" data-e-type=\"widget\" data-widget_type=\"image.default\">\n\t\t\t\t\t\t\t\t\t\t\t\t\t\t\t<img loading=\"lazy\" decoding=\"async\" width=\"2560\" height=\"1706\" src=\"https:\/\/gekocoworking.it\/wp-content\/uploads\/2025\/12\/Geko-45-scaled.jpg\" class=\"elementor-animation-shrink attachment-full size-full wp-image-3166\" alt=\"\" srcset=\"https:\/\/gekocoworking.it\/wp-content\/uploads\/2025\/12\/Geko-45-scaled.jpg 2560w, https:\/\/gekocoworking.it\/wp-content\/uploads\/2025\/12\/Geko-45-300x200.jpg 300w, https:\/\/gekocoworking.it\/wp-content\/uploads\/2025\/12\/Geko-45-1024x683.jpg 1024w, https:\/\/gekocoworking.it\/wp-content\/uploads\/2025\/12\/Geko-45-768x512.jpg 768w, https:\/\/gekocoworking.it\/wp-content\/uploads\/2025\/12\/Geko-45-1536x1024.jpg 1536w, https:\/\/gekocoworking.it\/wp-content\/uploads\/2025\/12\/Geko-45-2048x1365.jpg 2048w\" sizes=\"(max-width: 2560px) 100vw, 2560px\" \/>\t\t\t\t\t\t\t\t\t\t\t\t\t\t\t<\/div>\n\t\t\t\t<div class=\"elementor-element elementor-element-5224cd70 elementor-widget elementor-widget-image\" data-id=\"5224cd70\" data-element_type=\"widget\" data-e-type=\"widget\" data-widget_type=\"image.default\">\n\t\t\t\t\t\t\t\t\t\t\t\t\t\t\t<img loading=\"lazy\" decoding=\"async\" width=\"1707\" height=\"2560\" src=\"https:\/\/gekocoworking.it\/wp-content\/uploads\/2025\/12\/Geko-29-scaled.jpg\" class=\"elementor-animation-shrink attachment-full size-full wp-image-2519\" alt=\"\" srcset=\"https:\/\/gekocoworking.it\/wp-content\/uploads\/2025\/12\/Geko-29-scaled.jpg 1707w, https:\/\/gekocoworking.it\/wp-content\/uploads\/2025\/12\/Geko-29-200x300.jpg 200w, https:\/\/gekocoworking.it\/wp-content\/uploads\/2025\/12\/Geko-29-683x1024.jpg 683w, https:\/\/gekocoworking.it\/wp-content\/uploads\/2025\/12\/Geko-29-768x1152.jpg 768w, https:\/\/gekocoworking.it\/wp-content\/uploads\/2025\/12\/Geko-29-1024x1536.jpg 1024w, https:\/\/gekocoworking.it\/wp-content\/uploads\/2025\/12\/Geko-29-1365x2048.jpg 1365w\" sizes=\"(max-width: 1707px) 100vw, 1707px\" \/>\t\t\t\t\t\t\t\t\t\t\t\t\t\t\t<\/div>\n\t\t\t\t\t<\/div>\n\t\t<\/div>\n\t\t\t\t\t<\/div>\n\t\t<\/section>\n\t\t\t\t\t<\/div>\n\t\t<\/div>\n\t\t\t\t<div class=\"elementor-column elementor-col-50 elementor-top-column elementor-element elementor-element-61f7dfd6 rael-particle-no\" data-id=\"61f7dfd6\" data-element_type=\"column\" data-e-type=\"column\">\n\t\t\t<div class=\"elementor-widget-wrap elementor-element-populated\">\n\t\t\t\t\t\t<div class=\"elementor-element elementor-element-108d44f0 elementor-widget elementor-widget-heading\" data-id=\"108d44f0\" data-element_type=\"widget\" data-e-type=\"widget\" data-widget_type=\"heading.default\">\n\t\t\t\t\t<h2 class=\"elementor-heading-title elementor-size-default\">LA NOSTRA MISSION<\/h2>\t\t\t\t<\/div>\n\t\t\t\t<div class=\"elementor-element elementor-element-6ed3c239 elementor-widget-mobile__width-initial elementor-widget elementor-widget-text-editor\" data-id=\"6ed3c239\" data-element_type=\"widget\" data-e-type=\"widget\" data-widget_type=\"text-editor.default\">\n\t\t\t\t\t\t\t\t\t<p data-start=\"285\" data-end=\"552\">La nostra missione \u00e8 offrire a ogni professionista un <strong data-start=\"339\" data-end=\"399\">luogo dove lavorare con serenit\u00e0, ispirazione e confort<\/strong>.<br data-start=\"400\" data-end=\"403\" \/>Crediamo che il benessere sia la chiave della produttivit\u00e0 e che un ambiente curato possa fare la differenza nel modo in cui si lavora ogni giorno.<\/p><p data-start=\"554\" data-end=\"801\">Con <strong data-start=\"558\" data-end=\"577\">Geko Co-working<\/strong> vogliamo dare l\u2019opportunit\u00e0, a chi non dispone di uno studio proprio, di trovare <strong data-start=\"659\" data-end=\"726\">uno spazio moderno e funzionale a un prezzo davvero conveniente<\/strong>, senza rinunciare alla qualit\u00e0 e ai servizi di un ufficio professionale.<\/p>\t\t\t\t\t\t\t\t<\/div>\n\t\t\t\t\t<\/div>\n\t\t<\/div>\n\t\t\t\t\t<\/div>\n\t\t<\/section>\n\t\t\t\t<section class=\"elementor-section elementor-top-section elementor-element elementor-element-266677a9 elementor-section-boxed elementor-section-height-default elementor-section-height-default rael-particle-no\" data-id=\"266677a9\" data-element_type=\"section\" data-e-type=\"section\" data-settings=\"{&quot;background_background&quot;:&quot;classic&quot;,&quot;rae_animations_entrance&quot;:&quot;none&quot;}\">\n\t\t\t\t\t\t\t<div class=\"elementor-background-overlay\"><\/div>\n\t\t\t\t\t\t\t<div class=\"elementor-container elementor-column-gap-no\">\n\t\t\t\t\t<div class=\"elementor-column elementor-col-100 elementor-top-column elementor-element elementor-element-2a621ed9 rael-particle-no\" data-id=\"2a621ed9\" data-element_type=\"column\" data-e-type=\"column\" data-settings=\"{&quot;background_background&quot;:&quot;classic&quot;}\">\n\t\t\t<div class=\"elementor-widget-wrap elementor-element-populated\">\n\t\t\t\t\t\t<div class=\"elementor-element elementor-element-1b7a1415 elementor-widget elementor-widget-heading\" data-id=\"1b7a1415\" data-element_type=\"widget\" data-e-type=\"widget\" data-widget_type=\"heading.default\">\n\t\t\t\t\t<h2 class=\"elementor-heading-title elementor-size-default\">HAI BISOGNO DI PI\u00f9 INFORMAZIONI?<\/h2>\t\t\t\t<\/div>\n\t\t\t\t<div class=\"elementor-element elementor-element-3da292da elementor-widget elementor-widget-text-editor\" data-id=\"3da292da\" data-element_type=\"widget\" data-e-type=\"widget\" data-widget_type=\"text-editor.default\">\n\t\t\t\t\t\t\t\t\t<p>Ogni dettaglio conta. Se desideri saperne di pi\u00f9, il nostro team \u00e8 a tua disposizione.<\/p>\t\t\t\t\t\t\t\t<\/div>\n\t\t\t\t<div class=\"elementor-element elementor-element-73f1418c elementor-align-center elementor-mobile-align-center elementor-widget elementor-widget-button\" data-id=\"73f1418c\" data-element_type=\"widget\" data-e-type=\"widget\" data-widget_type=\"button.default\">\n\t\t\t\t\t\t\t\t\t\t<a class=\"elementor-button elementor-button-link elementor-size-sm elementor-animation-float\" href=\"https:\/\/gekocoworking.it\/index.php\/contatti\/\">\n\t\t\t\t\t\t<span class=\"elementor-button-content-wrapper\">\n\t\t\t\t\t\t\t\t\t<span class=\"elementor-button-text\">Contatti<\/span>\n\t\t\t\t\t<\/span>\n\t\t\t\t\t<\/a>\n\t\t\t\t\t\t\t\t<\/div>\n\t\t\t\t\t<\/div>\n\t\t<\/div>\n\t\t\t\t\t<\/div>\n\t\t<\/section>\n\t\t\t\t<\/div>\n\t\t","protected":false},"excerpt":{"rendered":"<p>CHI SIAMO? Il nome Geko nasce dall\u2019idea di adattabilit\u00e0 e connessione: proprio come il piccolo animale che sa muoversi con agilit\u00e0 in ogni ambiente, anche noi vogliamo offrire spazi di lavoro flessibili, accoglienti e stimolanti. Geko Co-working \u00e8 pensato per chi cerca un luogo professionale dove concentrarsi, creare e collaborare. I nostri uffici favoriscono la [&hellip;]<\/p>\n","protected":false},"author":1,"featured_media":0,"parent":0,"menu_order":0,"comment_status":"closed","ping_status":"closed","template":"elementor_canvas","meta":{"footnotes":""},"class_list":["post-1998","page","type-page","status-publish","hentry"],"_links":{"self":[{"href":"https:\/\/gekocoworking.it\/index.php\/wp-json\/wp\/v2\/pages\/1998","targetHints":{"allow":["GET"]}}],"collection":[{"href":"https:\/\/gekocoworking.it\/index.php\/wp-json\/wp\/v2\/pages"}],"about":[{"href":"https:\/\/gekocoworking.it\/index.php\/wp-json\/wp\/v2\/types\/page"}],"author":[{"embeddable":true,"href":"https:\/\/gekocoworking.it\/index.php\/wp-json\/wp\/v2\/users\/1"}],"replies":[{"embeddable":true,"href":"https:\/\/gekocoworking.it\/index.php\/wp-json\/wp\/v2\/comments?post=1998"}],"version-history":[{"count":134,"href":"https:\/\/gekocoworking.it\/index.php\/wp-json\/wp\/v2\/pages\/1998\/revisions"}],"predecessor-version":[{"id":3468,"href":"https:\/\/gekocoworking.it\/index.php\/wp-json\/wp\/v2\/pages\/1998\/revisions\/3468"}],"wp:attachment":[{"href":"https:\/\/gekocoworking.it\/index.php\/wp-json\/wp\/v2\/media?parent=1998"}],"curies":[{"name":"wp","href":"https:\/\/api.w.org\/{rel}","templated":true}]}}